{"id":12061,"date":"2025-11-08T08:56:25","date_gmt":"2025-11-08T08:56:25","guid":{"rendered":"https:\/\/baloni.izradawebstranica.rs\/?post_type=product&#038;p=12061"},"modified":"2025-11-08T08:56:25","modified_gmt":"2025-11-08T08:56:25","slug":"satenske-masnice-svijetlo-plava","status":"publish","type":"product","link":"https:\/\/happy-balloons.me\/en\/proizvod\/satenske-masnice-svijetlo-plava\/","title":{"rendered":"Satenske ma\u0161nice &#8211; svijetlo plava"},"content":{"rendered":"<p>Savr\u0161ene su za sve vrste dekoracija, poklona ili cvjetnih aran\u017emana.<br \/>\nKoriste se i za dekoraciju bubble balona, dodaju\u0107i im poseban dodir elegancije i sve\u010danosti.<br \/>\nDimenzija 8cm.<\/p>","protected":false},"excerpt":{"rendered":"<p>Satenske ma\u0161nice se prodaju po komadu i dostupne su u raznim bojama.<\/p>","protected":false},"featured_media":12062,"template":"","meta":[],"product_cat":[268],"product_tag":[],"class_list":{"0":"post-12061","1":"product","2":"type-product","3":"status-publish","4":"has-post-thumbnail","6":"product_cat-masne","8":"first","9":"instock","10":"shipping-taxable","11":"purchasable","12":"product-type-simple"},"_links":{"self":[{"href":"https:\/\/happy-balloons.me\/en\/wp-json\/wp\/v2\/product\/12061","targetHints":{"allow":["GET"]}}],"collection":[{"href":"https:\/\/happy-balloons.me\/en\/wp-json\/wp\/v2\/product"}],"about":[{"href":"https:\/\/happy-balloons.me\/en\/wp-json\/wp\/v2\/types\/product"}],"version-history":[{"count":1,"href":"https:\/\/happy-balloons.me\/en\/wp-json\/wp\/v2\/product\/12061\/revisions"}],"predecessor-version":[{"id":12069,"href":"https:\/\/happy-balloons.me\/en\/wp-json\/wp\/v2\/product\/12061\/revisions\/12069"}],"wp:featuredmedia":[{"embeddable":true,"href":"https:\/\/happy-balloons.me\/en\/wp-json\/wp\/v2\/media\/12062"}],"wp:attachment":[{"href":"https:\/\/happy-balloons.me\/en\/wp-json\/wp\/v2\/media?parent=12061"}],"wp:term":[{"taxonomy":"product_cat","embeddable":true,"href":"https:\/\/happy-balloons.me\/en\/wp-json\/wp\/v2\/product_cat?post=12061"},{"taxonomy":"product_tag","embeddable":true,"href":"https:\/\/happy-balloons.me\/en\/wp-json\/wp\/v2\/product_tag?post=12061"}],"curies":[{"name":"wp","href":"https:\/\/api.w.org\/{rel}","templated":true}]}}