{"id":12074,"date":"2025-11-08T09:01:18","date_gmt":"2025-11-08T09:01:18","guid":{"rendered":"https:\/\/baloni.izradawebstranica.rs\/?post_type=product&#038;p=12074"},"modified":"2025-11-08T09:07:43","modified_gmt":"2025-11-08T09:07:43","slug":"satenske-masnice-kraljevsko-plava","status":"publish","type":"product","link":"https:\/\/happy-balloons.me\/en\/proizvod\/satenske-masnice-kraljevsko-plava\/","title":{"rendered":"Satenske ma\u0161nice &#8211; kraljevsko plava"},"content":{"rendered":"<p>Savr\u0161ene su za sve vrste dekoracija, poklona ili cvjetnih aran\u017emana.<br \/>\nKoriste se i za dekoraciju bubble balona, dodaju\u0107i im poseban dodir elegancije i sve\u010danosti.<br \/>\nDimenzija 8cm.<\/p>","protected":false},"excerpt":{"rendered":"<p>Satenske ma\u0161nice se prodaju po komadu i dostupne su u raznim bojama.<\/p>","protected":false},"featured_media":12065,"template":"","meta":[],"product_cat":[268],"product_tag":[],"class_list":{"0":"post-12074","1":"product","2":"type-product","3":"status-publish","4":"has-post-thumbnail","6":"product_cat-masne","8":"first","9":"instock","10":"shipping-taxable","11":"purchasable","12":"product-type-simple"},"_links":{"self":[{"href":"https:\/\/happy-balloons.me\/en\/wp-json\/wp\/v2\/product\/12074","targetHints":{"allow":["GET"]}}],"collection":[{"href":"https:\/\/happy-balloons.me\/en\/wp-json\/wp\/v2\/product"}],"about":[{"href":"https:\/\/happy-balloons.me\/en\/wp-json\/wp\/v2\/types\/product"}],"version-history":[{"count":1,"href":"https:\/\/happy-balloons.me\/en\/wp-json\/wp\/v2\/product\/12074\/revisions"}],"predecessor-version":[{"id":12075,"href":"https:\/\/happy-balloons.me\/en\/wp-json\/wp\/v2\/product\/12074\/revisions\/12075"}],"wp:featuredmedia":[{"embeddable":true,"href":"https:\/\/happy-balloons.me\/en\/wp-json\/wp\/v2\/media\/12065"}],"wp:attachment":[{"href":"https:\/\/happy-balloons.me\/en\/wp-json\/wp\/v2\/media?parent=12074"}],"wp:term":[{"taxonomy":"product_cat","embeddable":true,"href":"https:\/\/happy-balloons.me\/en\/wp-json\/wp\/v2\/product_cat?post=12074"},{"taxonomy":"product_tag","embeddable":true,"href":"https:\/\/happy-balloons.me\/en\/wp-json\/wp\/v2\/product_tag?post=12074"}],"curies":[{"name":"wp","href":"https:\/\/api.w.org\/{rel}","templated":true}]}}