{"id":13421,"date":"2025-12-19T18:35:46","date_gmt":"2025-12-19T18:35:46","guid":{"rendered":"https:\/\/baloni.izradawebstranica.rs\/?post_type=product&#038;p=13421"},"modified":"2025-12-19T18:35:58","modified_gmt":"2025-12-19T18:35:58","slug":"masna-svijetlo-plava","status":"publish","type":"product","link":"https:\/\/happy-balloons.me\/en\/proizvod\/masna-svijetlo-plava\/","title":{"rendered":"Ma\u0161na &#8211; plava"},"content":{"rendered":"<p>Na\u0161e ma\u0161ne su ru\u010dno pravljene, nastaju radom na\u0161eg tima i nisu deo ma\u0161inske ili serijske proizvodnje.<br \/>\nDostupne su u raznim bojama i idealne su za pakovanje poklona i sve vrste poklanjanja, kako za li\u010dne tako i za poslovne prilike.<\/p>\n<p>Dimenzija 8cm<\/p>","protected":false},"excerpt":{"rendered":"<p>Na\u0161e ma\u0161ne su ru\u010dno pravljene, nastaju radom na\u0161eg tima i nisu deo ma\u0161inske ili serijske proizvodnje. Dostupne su u raznim bojama i idealne su za pakovanje poklona i sve vrste poklanjanja, kako za li\u010dne tako i za poslovne prilike. Dimenzija 8cm<\/p>","protected":false},"featured_media":13411,"template":"","meta":[],"product_cat":[268],"product_tag":[],"class_list":{"0":"post-13421","1":"product","2":"type-product","3":"status-publish","4":"has-post-thumbnail","6":"product_cat-masne","8":"first","9":"instock","10":"shipping-taxable","11":"purchasable","12":"product-type-simple"},"_links":{"self":[{"href":"https:\/\/happy-balloons.me\/en\/wp-json\/wp\/v2\/product\/13421","targetHints":{"allow":["GET"]}}],"collection":[{"href":"https:\/\/happy-balloons.me\/en\/wp-json\/wp\/v2\/product"}],"about":[{"href":"https:\/\/happy-balloons.me\/en\/wp-json\/wp\/v2\/types\/product"}],"version-history":[{"count":2,"href":"https:\/\/happy-balloons.me\/en\/wp-json\/wp\/v2\/product\/13421\/revisions"}],"predecessor-version":[{"id":13423,"href":"https:\/\/happy-balloons.me\/en\/wp-json\/wp\/v2\/product\/13421\/revisions\/13423"}],"wp:featuredmedia":[{"embeddable":true,"href":"https:\/\/happy-balloons.me\/en\/wp-json\/wp\/v2\/media\/13411"}],"wp:attachment":[{"href":"https:\/\/happy-balloons.me\/en\/wp-json\/wp\/v2\/media?parent=13421"}],"wp:term":[{"taxonomy":"product_cat","embeddable":true,"href":"https:\/\/happy-balloons.me\/en\/wp-json\/wp\/v2\/product_cat?post=13421"},{"taxonomy":"product_tag","embeddable":true,"href":"https:\/\/happy-balloons.me\/en\/wp-json\/wp\/v2\/product_tag?post=13421"}],"curies":[{"name":"wp","href":"https:\/\/api.w.org\/{rel}","templated":true}]}}