{"id":13852,"date":"2026-01-22T10:13:19","date_gmt":"2026-01-22T10:13:19","guid":{"rendered":"https:\/\/baloni.izradawebstranica.rs\/?post_type=product&#038;p=13852"},"modified":"2026-02-10T15:27:17","modified_gmt":"2026-02-10T15:27:17","slug":"latex-balon-standard-yellow-sunshine-12","status":"publish","type":"product","link":"https:\/\/happy-balloons.me\/en\/proizvod\/latex-balon-standard-yellow-sunshine-12\/","title":{"rendered":"Latex balon &#8211; Standard Yellow Sunshine 11\u201d"},"content":{"rendered":"<p>When the balloon is inflated with ordinary air, it cannot fly on its own and needs to be placed against the base or fixed.<br \/>\n\u2022 Kada se balon naduva helijumom, mo\u017ee samostalno da leti i prose\u010dno traje do 10 sati, u zavisnosti od uslova okoline. Po \u017eelji, prilikom naduvavanja helijumom dostupna je i mogu\u0107nost dodavanja Hi-Float gela, koji produ\u017eava trajanje balona.<br \/>\n\u2022 The inflated balloon should be kept away from heat sources, direct sunlight and cold, in order to prevent the balloon from bursting or shrinking.<\/p>\n<p><img decoding=\"async\" class=\"emoji\" role=\"img\" draggable=\"false\" src=\"https:\/\/s.w.org\/images\/core\/emoji\/17.0.2\/svg\/1f6d2.svg\" alt=\"\ud83d\uded2\" \/>\u00a0Dostupnost artikala:<br \/>\nAll the products shown on our website are part of our regular offer, but this does not mean that they are always available in stock. We try to update the site regularly, but it may happen that we don't have a certain item temporarily.<\/p>\n<p>For the most accurate information about the availability of balloons and other products, we recommend that you contact us via the phone number listed on the website.<\/p>","protected":false},"excerpt":{"rendered":"<p>Latex baloni se isporu\u010duju nenaduvani.<br \/>\nThe balloon can be inflated with regular air or helium.<\/p>\n<p>Filling the balloon with helium is not included in the price of the product. The price of filling depends on the size of the balloon.<\/p>","protected":false},"featured_media":13819,"template":"","meta":[],"product_cat":[299],"product_tag":[],"class_list":{"0":"post-13852","1":"product","2":"type-product","3":"status-publish","4":"has-post-thumbnail","6":"product_cat-everts","8":"first","9":"instock","10":"shipping-taxable","11":"purchasable","12":"product-type-simple"},"_links":{"self":[{"href":"https:\/\/happy-balloons.me\/en\/wp-json\/wp\/v2\/product\/13852","targetHints":{"allow":["GET"]}}],"collection":[{"href":"https:\/\/happy-balloons.me\/en\/wp-json\/wp\/v2\/product"}],"about":[{"href":"https:\/\/happy-balloons.me\/en\/wp-json\/wp\/v2\/types\/product"}],"version-history":[{"count":2,"href":"https:\/\/happy-balloons.me\/en\/wp-json\/wp\/v2\/product\/13852\/revisions"}],"predecessor-version":[{"id":14086,"href":"https:\/\/happy-balloons.me\/en\/wp-json\/wp\/v2\/product\/13852\/revisions\/14086"}],"wp:featuredmedia":[{"embeddable":true,"href":"https:\/\/happy-balloons.me\/en\/wp-json\/wp\/v2\/media\/13819"}],"wp:attachment":[{"href":"https:\/\/happy-balloons.me\/en\/wp-json\/wp\/v2\/media?parent=13852"}],"wp:term":[{"taxonomy":"product_cat","embeddable":true,"href":"https:\/\/happy-balloons.me\/en\/wp-json\/wp\/v2\/product_cat?post=13852"},{"taxonomy":"product_tag","embeddable":true,"href":"https:\/\/happy-balloons.me\/en\/wp-json\/wp\/v2\/product_tag?post=13852"}],"curies":[{"name":"wp","href":"https:\/\/api.w.org\/{rel}","templated":true}]}}