{"id":13939,"date":"2026-01-22T13:08:13","date_gmt":"2026-01-22T13:08:13","guid":{"rendered":"https:\/\/baloni.izradawebstranica.rs\/?post_type=product&#038;p=13939"},"modified":"2026-03-27T10:03:28","modified_gmt":"2026-03-27T10:03:28","slug":"paket-valentinovo","status":"publish","type":"product","link":"https:\/\/happy-balloons.me\/en\/proizvod\/paket-valentinovo\/","title":{"rendered":"Baby paket dobrodo\u0161lice"},"content":{"rendered":"<p>Paket sadr\u017ei personalizovanu drvenu dekoraciju za dje\u010diju sobu, idealnu za ka\u010denje iznad kreveca ili na mjesto po \u017eelji. Dekoracija se izra\u0111uje u boji po izboru i mo\u017ee sadr\u017eati ime bebe ili podatke o ro\u0111enju (datum, vrijeme, te\u017einu i du\u017einu).<\/p>\n<p>U paket je uklju\u010den i buket balona kao na slici. Paket je informativnog karaktera i mogu\u0107e su razne kombinacije i prilago\u0111avanje po \u017eelji.<\/p>\n<p>Savr\u0161en poklon za dolazak bebe na svijet.<\/p>","protected":false},"excerpt":{"rendered":"<p>Paket sadr\u017ei personalizovanu drvenu dekoraciju za dje\u010diju sobu, idealnu za ka\u010denje iznad kreveca ili na mjesto po \u017eelji. Dekoracija se izra\u0111uje u boji po izboru i mo\u017ee sadr\u017eati ime bebe ili podatke o ro\u0111enju (datum, vrijeme, te\u017einu i du\u017einu). U paket je uklju\u010den i buket balona kao na slici. Paket je informativnog karaktera i mogu\u0107e [&hellip;]<\/p>","protected":false},"featured_media":14317,"template":"","meta":[],"product_cat":[265],"product_tag":[],"class_list":{"0":"post-13939","1":"product","2":"type-product","3":"status-publish","4":"has-post-thumbnail","6":"product_cat-ostala-ponuda","8":"first","9":"instock","10":"shipping-taxable","11":"purchasable","12":"product-type-simple"},"_links":{"self":[{"href":"https:\/\/happy-balloons.me\/en\/wp-json\/wp\/v2\/product\/13939","targetHints":{"allow":["GET"]}}],"collection":[{"href":"https:\/\/happy-balloons.me\/en\/wp-json\/wp\/v2\/product"}],"about":[{"href":"https:\/\/happy-balloons.me\/en\/wp-json\/wp\/v2\/types\/product"}],"version-history":[{"count":4,"href":"https:\/\/happy-balloons.me\/en\/wp-json\/wp\/v2\/product\/13939\/revisions"}],"predecessor-version":[{"id":14334,"href":"https:\/\/happy-balloons.me\/en\/wp-json\/wp\/v2\/product\/13939\/revisions\/14334"}],"wp:featuredmedia":[{"embeddable":true,"href":"https:\/\/happy-balloons.me\/en\/wp-json\/wp\/v2\/media\/14317"}],"wp:attachment":[{"href":"https:\/\/happy-balloons.me\/en\/wp-json\/wp\/v2\/media?parent=13939"}],"wp:term":[{"taxonomy":"product_cat","embeddable":true,"href":"https:\/\/happy-balloons.me\/en\/wp-json\/wp\/v2\/product_cat?post=13939"},{"taxonomy":"product_tag","embeddable":true,"href":"https:\/\/happy-balloons.me\/en\/wp-json\/wp\/v2\/product_tag?post=13939"}],"curies":[{"name":"wp","href":"https:\/\/api.w.org\/{rel}","templated":true}]}}