{"id":13960,"date":"2026-01-22T14:17:56","date_gmt":"2026-01-22T14:17:56","guid":{"rendered":"https:\/\/baloni.izradawebstranica.rs\/?post_type=product&#038;p=13960"},"modified":"2026-03-27T10:03:56","modified_gmt":"2026-03-27T10:03:56","slug":"paket-nasa-fotografija","status":"publish","type":"product","link":"https:\/\/happy-balloons.me\/en\/proizvod\/paket-nasa-fotografija\/","title":{"rendered":"Wedding paket"},"content":{"rendered":"<p>Paket obuhvata dekorativnu foto zonu za mladence na mjestu vjen\u010danja, koja predstavlja centralni detalj ceremonije i prostor za najljep\u0161e fotografije. U sklopu paketa dolazi i personalizovana tabla dobrodo\u0161lice sa imenima mladenaca i datumom vjen\u010danja, izra\u0111ena u bojama i stilu po va\u0161oj \u017eelji.<\/p>\n<p>Prikazani paket je samo jedan primjer dekoracije. U ponudi imamo razli\u010dite pakete sa raznim elementima i sadr\u017eajem, a mogu\u0107e su i potpuno nove kombinacije u skladu sa va\u0161im potrebama i prostorom.<\/p>\n<p>Za sve informacije, dostupne opcije i izradu, pi\u0161ite nam \u2013 rado \u0107emo prilagoditi dekoraciju va\u0161em vjen\u010danju. \u2728<\/p>","protected":false},"excerpt":{"rendered":"<p>Paket obuhvata dekorativnu foto zonu za mladence na mjestu vjen\u010danja, koja predstavlja centralni detalj ceremonije i prostor za najljep\u0161e fotografije. U sklopu paketa dolazi i personalizovana tabla dobrodo\u0161lice sa imenima mladenaca i datumom vjen\u010danja, izra\u0111ena u bojama i stilu po va\u0161oj \u017eelji. Prikazani paket je samo jedan primjer dekoracije. U ponudi imamo razli\u010dite pakete sa [&hellip;]<\/p>","protected":false},"featured_media":14321,"template":"","meta":[],"product_cat":[265],"product_tag":[],"class_list":{"0":"post-13960","1":"product","2":"type-product","3":"status-publish","4":"has-post-thumbnail","6":"product_cat-ostala-ponuda","8":"first","9":"instock","10":"product-type-simple"},"_links":{"self":[{"href":"https:\/\/happy-balloons.me\/en\/wp-json\/wp\/v2\/product\/13960","targetHints":{"allow":["GET"]}}],"collection":[{"href":"https:\/\/happy-balloons.me\/en\/wp-json\/wp\/v2\/product"}],"about":[{"href":"https:\/\/happy-balloons.me\/en\/wp-json\/wp\/v2\/types\/product"}],"version-history":[{"count":4,"href":"https:\/\/happy-balloons.me\/en\/wp-json\/wp\/v2\/product\/13960\/revisions"}],"predecessor-version":[{"id":14335,"href":"https:\/\/happy-balloons.me\/en\/wp-json\/wp\/v2\/product\/13960\/revisions\/14335"}],"wp:featuredmedia":[{"embeddable":true,"href":"https:\/\/happy-balloons.me\/en\/wp-json\/wp\/v2\/media\/14321"}],"wp:attachment":[{"href":"https:\/\/happy-balloons.me\/en\/wp-json\/wp\/v2\/media?parent=13960"}],"wp:term":[{"taxonomy":"product_cat","embeddable":true,"href":"https:\/\/happy-balloons.me\/en\/wp-json\/wp\/v2\/product_cat?post=13960"},{"taxonomy":"product_tag","embeddable":true,"href":"https:\/\/happy-balloons.me\/en\/wp-json\/wp\/v2\/product_tag?post=13960"}],"curies":[{"name":"wp","href":"https:\/\/api.w.org\/{rel}","templated":true}]}}