{"id":14069,"date":"2026-02-03T17:31:45","date_gmt":"2026-02-03T17:31:45","guid":{"rendered":"https:\/\/happy-balloons.me\/?post_type=product&#038;p=14069"},"modified":"2026-02-03T17:31:45","modified_gmt":"2026-02-03T17:31:45","slug":"buketi-koji-traju-3","status":"publish","type":"product","link":"https:\/\/happy-balloons.me\/en\/proizvod\/buketi-koji-traju-3\/","title":{"rendered":"Buketi koji traju"},"content":{"rendered":"<p>Savr\u0161eno iznena\u0111enje za svaku priliku \u2014 ili bez ikakvog razloga, samo da izmami\u0161 osmijeh!<br \/>\nNa\u0161i balon buketi izra\u0111eni su od dekor papira, kombinovani s malim balonima u obliku srca, ma\u0161nama i mogu biti sa slatkim pli\u0161anim medama.<br \/>\nOvi buketi ne blijede, ne venu i traju kao uspomena \u2014 idealni su za ro\u0111endane, godi\u0161njice, dobrodo\u0161lice, Dan zaljubljenih ili jednostavno da poka\u017ee\u0161 koliko ti neko zna\u010di.<\/p>","protected":false},"excerpt":{"rendered":"<p>Unikatan poklon koji traje du\u017ee od cvijeta \u2014 jer emocije zaslu\u017euju da potraju!<\/p>","protected":false},"featured_media":14056,"template":"","meta":[],"product_cat":[274],"product_tag":[],"class_list":{"0":"post-14069","1":"product","2":"type-product","3":"status-publish","4":"has-post-thumbnail","6":"product_cat-buketi-od-balona","8":"first","9":"instock","10":"shipping-taxable","11":"purchasable","12":"product-type-simple"},"_links":{"self":[{"href":"https:\/\/happy-balloons.me\/en\/wp-json\/wp\/v2\/product\/14069","targetHints":{"allow":["GET"]}}],"collection":[{"href":"https:\/\/happy-balloons.me\/en\/wp-json\/wp\/v2\/product"}],"about":[{"href":"https:\/\/happy-balloons.me\/en\/wp-json\/wp\/v2\/types\/product"}],"version-history":[{"count":1,"href":"https:\/\/happy-balloons.me\/en\/wp-json\/wp\/v2\/product\/14069\/revisions"}],"predecessor-version":[{"id":14070,"href":"https:\/\/happy-balloons.me\/en\/wp-json\/wp\/v2\/product\/14069\/revisions\/14070"}],"wp:featuredmedia":[{"embeddable":true,"href":"https:\/\/happy-balloons.me\/en\/wp-json\/wp\/v2\/media\/14056"}],"wp:attachment":[{"href":"https:\/\/happy-balloons.me\/en\/wp-json\/wp\/v2\/media?parent=14069"}],"wp:term":[{"taxonomy":"product_cat","embeddable":true,"href":"https:\/\/happy-balloons.me\/en\/wp-json\/wp\/v2\/product_cat?post=14069"},{"taxonomy":"product_tag","embeddable":true,"href":"https:\/\/happy-balloons.me\/en\/wp-json\/wp\/v2\/product_tag?post=14069"}],"curies":[{"name":"wp","href":"https:\/\/api.w.org\/{rel}","templated":true}]}}