{"id":14787,"date":"2026-04-24T21:05:22","date_gmt":"2026-04-24T21:05:22","guid":{"rendered":"https:\/\/happy-balloons.me\/?post_type=product&#038;p=14787"},"modified":"2026-04-29T17:53:52","modified_gmt":"2026-04-29T17:53:52","slug":"konfeta-dim-za-otkrivanje-pola-plava-boja-30-cm","status":"publish","type":"product","link":"https:\/\/happy-balloons.me\/en\/proizvod\/konfeta-dim-za-otkrivanje-pola-plava-boja-30-cm\/","title":{"rendered":"Konfete dim za otkrivanje pola-plava boja 30 cm"},"content":{"rendered":"<p><img decoding=\"async\" class=\"emoji\" role=\"img\" draggable=\"false\" src=\"https:\/\/s.w.org\/images\/core\/emoji\/17.0.2\/svg\/1f6d2.svg\" alt=\"\ud83d\uded2\" \/>\u00a0Dostupnost artikala:<br \/>\nAll the products shown on our website are part of our regular offer, but this does not mean that they are always available in stock. We try to update the site regularly, but it may happen that we don't have a certain item temporarily.<\/p>\n<p>Za najta\u010dnije informacije o raspolo\u017eivosti balona i drugih proizvoda, preporu\u010dujemo da nas kontaktirate putem telefona navedenih na sajtu<\/p>","protected":false},"excerpt":{"rendered":"<p>Konfeta dim za otkrivanje pola bebe je savr\u0161en na\u010din da va\u0161 poseban trenutak u\u010dinite nezaboravnim. Dostupna u plavoj i roze boji, stvara efektan koji otkriva da li sti\u017ee de\u010dak ili devoj\u010dica. Idealna za gender reveal \u017eurke i fotografije koje se pamte.<\/p>","protected":false},"featured_media":14789,"template":"","meta":[],"product_cat":[312,275],"product_tag":[],"class_list":{"0":"post-14787","1":"product","2":"type-product","3":"status-publish","4":"has-post-thumbnail","6":"product_cat-konfete","7":"product_cat-otkrivanje-pola-bebe","9":"first","10":"instock","11":"shipping-taxable","12":"purchasable","13":"product-type-simple"},"_links":{"self":[{"href":"https:\/\/happy-balloons.me\/en\/wp-json\/wp\/v2\/product\/14787","targetHints":{"allow":["GET"]}}],"collection":[{"href":"https:\/\/happy-balloons.me\/en\/wp-json\/wp\/v2\/product"}],"about":[{"href":"https:\/\/happy-balloons.me\/en\/wp-json\/wp\/v2\/types\/product"}],"version-history":[{"count":4,"href":"https:\/\/happy-balloons.me\/en\/wp-json\/wp\/v2\/product\/14787\/revisions"}],"predecessor-version":[{"id":15142,"href":"https:\/\/happy-balloons.me\/en\/wp-json\/wp\/v2\/product\/14787\/revisions\/15142"}],"wp:featuredmedia":[{"embeddable":true,"href":"https:\/\/happy-balloons.me\/en\/wp-json\/wp\/v2\/media\/14789"}],"wp:attachment":[{"href":"https:\/\/happy-balloons.me\/en\/wp-json\/wp\/v2\/media?parent=14787"}],"wp:term":[{"taxonomy":"product_cat","embeddable":true,"href":"https:\/\/happy-balloons.me\/en\/wp-json\/wp\/v2\/product_cat?post=14787"},{"taxonomy":"product_tag","embeddable":true,"href":"https:\/\/happy-balloons.me\/en\/wp-json\/wp\/v2\/product_tag?post=14787"}],"curies":[{"name":"wp","href":"https:\/\/api.w.org\/{rel}","templated":true}]}}