{"id":15387,"date":"2026-04-28T23:02:38","date_gmt":"2026-04-28T23:02:38","guid":{"rendered":"https:\/\/happy-balloons.me\/"},"modified":"2026-04-28T23:02:38","modified_gmt":"2026-04-28T23:02:38","slug":"toper-za-tortu-boy-or-girl-u-srebrnoj-boji","status":"publish","type":"product","link":"https:\/\/happy-balloons.me\/en\/proizvod\/toper-za-tortu-boy-or-girl-u-srebrnoj-boji\/","title":{"rendered":"Toper za tortu \u201cBoy or Girl?\u201d u srebrnoj boji"},"content":{"rendered":"<p data-start=\"65\" data-end=\"288\">Na\u0161a firma se bavi izradom unikatnih topera za sve prilike, prilago\u0111enih va\u0161im \u017eeljama i posebnim prilikama. Nudimo izradu natpisa po izboru \u2013 ime, broj godina, poruku ili bilo koji tekst koji \u017eelite da istaknete na va\u0161oj torti.<\/p>\n<p data-start=\"290\" data-end=\"485\">Topperi se izra\u0111uju od\u00a0 materijala:<br \/>\n\u2013 lesonita (koji farbamo u boju po va\u0161oj \u017eelji)<br data-start=\"384\" data-end=\"387\" \/>\u2013 pleksiglasa u varijantama zlatnog ogledala, srebrnog ogledala, kao i u drugim dostupnim bojama.<\/p>\n<p data-start=\"715\" data-end=\"821\">Sve izra\u0111ene personalizovane topere \u0161aljemo kurirskom slu\u017ebom ili ih mo\u017eete preuzeti li\u010dno u na\u0161oj radnji.<\/p>\n<p data-start=\"823\" data-end=\"876\" data-is-last-node=\"\" data-is-only-node=\"\">Ulep\u0161ajte svoju tortu ili neki aran\u017eman detaljem koji \u010dini razliku!\u00a0<img decoding=\"async\" class=\"emoji\" role=\"img\" draggable=\"false\" src=\"https:\/\/s.w.org\/images\/core\/emoji\/17.0.2\/svg\/1f382.svg\" alt=\"\ud83c\udf82\" \/><img decoding=\"async\" class=\"emoji\" role=\"img\" draggable=\"false\" src=\"https:\/\/s.w.org\/images\/core\/emoji\/17.0.2\/svg\/2728.svg\" alt=\"\u2728\" \/><\/p>","protected":false},"excerpt":{"rendered":"<p>U na\u0161oj radnji uvek mo\u017eete prona\u0107i univerzalne topere spremne za svakodnevnu prodaju, idealne za brza re\u0161enja. Za personalizovane topere potrebno je izvr\u0161iti porud\u017ebinu unapred, kako bismo ih izradili ta\u010dno po va\u0161im zahtevima.<\/p>","protected":false},"featured_media":15353,"template":"","meta":[],"product_cat":[264],"product_tag":[],"class_list":{"0":"post-15387","1":"product","2":"type-product","3":"status-publish","4":"has-post-thumbnail","6":"product_cat-toperi-za-tortu","8":"first","9":"instock","10":"shipping-taxable","11":"purchasable","12":"product-type-simple"},"_links":{"self":[{"href":"https:\/\/happy-balloons.me\/en\/wp-json\/wp\/v2\/product\/15387","targetHints":{"allow":["GET"]}}],"collection":[{"href":"https:\/\/happy-balloons.me\/en\/wp-json\/wp\/v2\/product"}],"about":[{"href":"https:\/\/happy-balloons.me\/en\/wp-json\/wp\/v2\/types\/product"}],"version-history":[{"count":1,"href":"https:\/\/happy-balloons.me\/en\/wp-json\/wp\/v2\/product\/15387\/revisions"}],"predecessor-version":[{"id":15388,"href":"https:\/\/happy-balloons.me\/en\/wp-json\/wp\/v2\/product\/15387\/revisions\/15388"}],"wp:featuredmedia":[{"embeddable":true,"href":"https:\/\/happy-balloons.me\/en\/wp-json\/wp\/v2\/media\/15353"}],"wp:attachment":[{"href":"https:\/\/happy-balloons.me\/en\/wp-json\/wp\/v2\/media?parent=15387"}],"wp:term":[{"taxonomy":"product_cat","embeddable":true,"href":"https:\/\/happy-balloons.me\/en\/wp-json\/wp\/v2\/product_cat?post=15387"},{"taxonomy":"product_tag","embeddable":true,"href":"https:\/\/happy-balloons.me\/en\/wp-json\/wp\/v2\/product_tag?post=15387"}],"curies":[{"name":"wp","href":"https:\/\/api.w.org\/{rel}","templated":true}]}}