{"id":15464,"date":"2026-04-29T16:34:03","date_gmt":"2026-04-29T16:34:03","guid":{"rendered":"https:\/\/happy-balloons.me\/"},"modified":"2026-04-29T16:37:09","modified_gmt":"2026-04-29T16:37:09","slug":"lenta-team-bride","status":"publish","type":"product","link":"https:\/\/happy-balloons.me\/en\/proizvod\/lenta-team-bride\/","title":{"rendered":"Lenta Team bride"},"content":{"rendered":"<p>Dostupnost artikala:<br \/>\nAll the products shown on our website are part of our regular offer, but this does not mean that they are always available in stock. We try to update the site regularly, but it may happen that we don't have a certain item temporarily.<\/p>\n<p>For the most accurate information about the availability of balloons and other products, we recommend that you contact us via the phone number listed on the website.<\/p>","protected":false},"excerpt":{"rendered":"<p>Dostupnost artikala: Svi proizvodi prikazani na na\u0161em sajtu dio su na\u0161e redovne ponude, ali to ne podrazumijeva da su u svakom trenutku dostupni na stanju. Trudimo se da sajt redovno a\u017euriramo, ali mo\u017ee se desiti da odre\u0111eni artikal privremeno nemamo. Za najta\u010dnije informacije o raspolo\u017eivosti balona i drugih proizvoda, preporu\u010dujemo da nas kontaktirate putem telefona [&hellip;]<\/p>\n","protected":false},"featured_media":15465,"template":"","meta":[],"product_cat":[270,246],"product_tag":[],"class_list":{"0":"post-15464","1":"product","2":"type-product","3":"status-publish","4":"has-post-thumbnail","6":"product_cat-djevojacko","7":"product_cat-vjeridbe-i-djevojacko","9":"first","10":"instock","11":"shipping-taxable","12":"purchasable","13":"product-type-simple"},"_links":{"self":[{"href":"https:\/\/happy-balloons.me\/en\/wp-json\/wp\/v2\/product\/15464","targetHints":{"allow":["GET"]}}],"collection":[{"href":"https:\/\/happy-balloons.me\/en\/wp-json\/wp\/v2\/product"}],"about":[{"href":"https:\/\/happy-balloons.me\/en\/wp-json\/wp\/v2\/types\/product"}],"version-history":[{"count":2,"href":"https:\/\/happy-balloons.me\/en\/wp-json\/wp\/v2\/product\/15464\/revisions"}],"predecessor-version":[{"id":15467,"href":"https:\/\/happy-balloons.me\/en\/wp-json\/wp\/v2\/product\/15464\/revisions\/15467"}],"wp:featuredmedia":[{"embeddable":true,"href":"https:\/\/happy-balloons.me\/en\/wp-json\/wp\/v2\/media\/15465"}],"wp:attachment":[{"href":"https:\/\/happy-balloons.me\/en\/wp-json\/wp\/v2\/media?parent=15464"}],"wp:term":[{"taxonomy":"product_cat","embeddable":true,"href":"https:\/\/happy-balloons.me\/en\/wp-json\/wp\/v2\/product_cat?post=15464"},{"taxonomy":"product_tag","embeddable":true,"href":"https:\/\/happy-balloons.me\/en\/wp-json\/wp\/v2\/product_tag?post=15464"}],"curies":[{"name":"wp","href":"https:\/\/api.w.org\/{rel}","templated":true}]}}